{"id":5512,"date":"2019-07-27T20:06:26","date_gmt":"2019-07-27T18:06:26","guid":{"rendered":"http:\/\/www.teeweg.de\/blog\/?page_id=5512"},"modified":"2019-07-27T20:11:19","modified_gmt":"2019-07-27T18:11:19","slug":"veranstaltungen-2019","status":"publish","type":"page","link":"https:\/\/www.teeweg.de\/blog\/veranstaltungen-2019\/","title":{"rendered":"Veranstaltungen 2019"},"content":{"rendered":"\n<h1 class=\"wp-block-heading\">Teeweg \/ Zen \/ Shakuhachi<\/h1>\n\n\n\n<h2 class=\"wp-block-heading\">Teeweg<\/h2>\n\n\n\n<p>Das Myoshinan ist eine unabh\u00e4ngige Schule f\u00fcr Tee und Zen. Wir unterrichten und leben den Teeweg aus dem Geist des Zen.<br \/>Dabei ist die Harmonie von K\u00f6rper und Geist, Atmung und Bewegung ganz wesentlich.<br \/>Wir unterrichten in Anlehnung an den Stil der Urasenke (Lehrdiplom der Urasenke), versuchen aber aus dem Geist des Zen eigene Wege zu gehen. Entscheidend ist nicht die Beherrschung fester Formen sondern ein tiefes inneres Erleben der Stille und der Harmonie in den Bewegungen.<br \/>Der Unterricht im Teeweg ist immer Einzelunterricht bzw. in kleinen Gruppen.<br \/>Es k\u00f6nnen sowohl stundenweise Termine vereinbart werden als auch intensivere Unterrichtsblocks, z.B. Wochenende oder Ferien.<br \/>Termine nach individueller Absprache jederzeit m\u00f6glich.<\/p>\n\n\n\n<h2 class=\"wp-block-heading\">Zen Shakuhachi<\/h2>\n\n\n\n<p>Wir pflegen den alten und urspr\u00fcnglichen Zen-Stil des Ichoken Tempels in Hakata. Dies ist der einzige Zentempel in Japan, in dem noch der \u201eBambus-Zen\u201c gepflegt wird. Wir bauen unsere Zen Shakuhachi aus chinesischen Qualit\u00e4ts-Bambus selbst und k\u00f6nnen gern auch ein Leihinstrument vergeben. Diese Instrumente unterscheiden sich von den modernen Shakuhachi. Auf Wunsch bauen wir die f\u00fcr Sie passende Shakuhachi.<br \/>Der Unterricht ist immer Einzelunterricht bzw. in kleinen Gruppen.<\/p>\n\n\n\n<p>Es k\u00f6nnen sowohl stundenweise Termine vereinbart werden als auch intensivere Unterrichtsblocks, z.B. Wochenende oder Ferien.<br \/>Termine nach individueller Absprache jederzeit m\u00f6glich.<br \/>Unterricht ist auch online \u00fcber Skype, Google Hangouts oder Apple Facetime m\u00f6glich.<br \/><\/p>\n\n\n\n<p>Im April gab es ein zweiw\u00f6chiges Shakuhachi Seminar in Griechenland.<br \/>Seit Mai sind wir mit einem Umzug in die Rh\u00f6n und dem Neuaufbau des My\u014dshinan besch\u00e4ftigt. Wer helfen m\u00f6chte, das D\u014dj\u014d wieder neu aufzubauen, ist herzlich willkommen.<\/p>\n\n\n\n<figure class=\"wp-block-embed-wordpress wp-block-embed is-type-wp-embed is-provider-tee-und-zen-ein-geschmack\"><div class=\"wp-block-embed__wrapper\">\n<blockquote class=\"wp-embedded-content\" data-secret=\"mz0B8v3jMM\"><a href=\"https:\/\/www.teeweg.de\/blog\/anschrift\/\">Anschrift und Anfahrt<\/a><\/blockquote><iframe loading=\"lazy\" class=\"wp-embedded-content\" sandbox=\"allow-scripts\" security=\"restricted\" style=\"position: absolute; visibility: hidden;\" title=\"&#8222;Anschrift und Anfahrt&#8220; &#8212; \u00a0\u00a0\u00a0TEE UND ZEN - EIN GESCHMACK\" src=\"https:\/\/www.teeweg.de\/blog\/anschrift\/embed\/#?secret=FzqqfR59i8#?secret=mz0B8v3jMM\" data-secret=\"mz0B8v3jMM\" width=\"600\" height=\"338\" frameborder=\"0\" marginwidth=\"0\" marginheight=\"0\" scrolling=\"no\"><\/iframe>\n<\/div><\/figure>\n\n\n\n<p><a href=\"http:\/\/www.teeweg.de\/blog\/?page_id=3298&amp;preview=true#tee\">Teeweg<\/a>&nbsp;\u23aa&nbsp;<a href=\"http:\/\/www.teeweg.de\/blog\/?page_id=3298&amp;preview=true#tee\">Zen Shakuhachi<\/a>&nbsp;\u23aa&nbsp;<a href=\"http:\/\/www.teeweg.de\/blog\/?page_id=3298&amp;preview=true#meditation\">Zen-Meditation<\/a>&nbsp;\u23aa&nbsp;<a href=\"http:\/\/www.teeweg.de\/blog\/?page_id=3298&amp;preview=true#philosophie\">Philosophie \/ Literatur<\/a>&nbsp;\u23aa&nbsp;<a href=\"http:\/\/www.teeweg.de\/blog\/?page_id=3298&amp;preview=true#benediktus\">Benediktushof<\/a>&nbsp;\u23aa&nbsp;<a href=\"http:\/\/www.teeweg.de\/blog\/?page_id=3298&amp;preview=true#konzerte\">Konzerte<\/a>&nbsp;\u23aa&nbsp;<a href=\"http:\/\/www.teeweg.de\/blog\/?page_id=3298&amp;preview=true#reisen\">Reisen<\/a>&nbsp;\u23aa<a href=\"http:\/\/www.teeweg.de\/blog\/?page_id=3298&amp;preview=true#ausstellungen\">Ausstellungen<\/a>&nbsp;\u23aa&nbsp;<a href=\"http:\/\/www.teeweg.de\/blog\/?page_id=3298&amp;preview=true#gaeste\">G\u00e4ste<\/a>&nbsp;\u23aa&nbsp;<a href=\"http:\/\/www.teeweg.de\/blog\/?page_id=3298&amp;preview=true#top\">nach oben<\/a><\/p>\n\n\n\n<figure><iframe loading=\"lazy\" width=\"100px\" height=\"1000px\" allowfullscreen=\"true\" src=\"https:\/\/www.facebook.com\/v2.0\/plugins\/like.php?app_id=&amp;channel=https%3A%2F%2Fstaticxx.facebook.com%2Fconnect%2Fxd_arbiter.php%3Fversion%3D44%23cb%3Df16b724a505564%26domain%3Dwww.teeweg.de%26origin%3Dhttp%253A%252F%252Fwww.teeweg.de%252Ff4c410b2784f4%26relation%3Dparent.parent&amp;container_width=0&amp;href=http%3A%2F%2Fwww.teeweg.de%2Fblog%2F%3Fpage_id%3D3298&amp;layout=button_count&amp;locale=de_DE&amp;sdk=joey&amp;width=100\" class=\"\"><\/iframe><\/figure>\n<div class=\"thanks_button_div\" \n                  style=\"float: left; margin-left: 0px;\"><div id=\"thanksButtonDiv_5512_1\" style=\"background-image:url(http:\/\/www.teeweg.de\/blog\/wp-content\/plugins\/thanks-you-counter-button\/images\/thanks_large_blue.png); background-repeat:no-repeat; float: left; display: inline;\"\n                onmouseover=\"javascript:thankYouChangeButtonImage('thanksButtonDiv_5512_1', true);\" \n                onmouseout=\"javascript:thankYouChangeButtonImage('thanksButtonDiv_5512_1', false);\"\n                onclick=\"javascript:thankYouChangeButtonImage('thanksButtonDiv_5512_1', false);\" >\n                <input type=\"button\" onclick=\"thankYouButtonClick(5512, 'You left &ldquo;Thanks&rdquo; already for this post')\" value=\"Danke 0\"\n                  class=\"thanks_button thanks_large thanks_blue\"\n                  style=\"  font-family: Verdana, Arial, Sans-Serif; font-size: 14px; font-weight: normal;; color:#39b778;\"\n                  id=\"thanksButton_5512_1\" title=\"Click to leave &ldquo;Thanks&rdquo; for this post\"\/>\n             <\/div><div id=\"ajax_loader_5512_1\" style=\"display:inline;visibility: hidden;\"><img decoding=\"async\" alt=\"ajax loader\" src=\"http:\/\/www.teeweg.de\/blog\/wp-content\/plugins\/thanks-you-counter-button\/images\/ajax-loader.gif\" \/><\/div><\/div><div id=\"wp_fb_like_button\" style=\"margin:5px 5px 5px 0;float:left;height:100px;\"><script src=\"http:\/\/connect.facebook.net\/en_US\/all.js#xfbml=1\"><\/script><fb:like href=\"https:\/\/www.teeweg.de\/blog\/veranstaltungen-2019\/\" send=\"false\" layout=\"standard\" width=\"450\" show_faces=\"false\" font=\"arial\" action=\"like\" colorscheme=\"light\"><\/fb:like><\/div>","protected":false},"excerpt":{"rendered":"<p>Teeweg \/ Zen \/ Shakuhachi Teeweg Das Myoshinan ist eine unabh\u00e4ngige Schule f\u00fcr Tee und Zen. Wir unterrichten und leben den Teeweg aus dem Geist des Zen.Dabei ist die Harmonie von K\u00f6rper und Geist, Atmung und Bewegung ganz wesentlich.Wir unterrichten &hellip; <a href=\"https:\/\/www.teeweg.de\/blog\/veranstaltungen-2019\/\">Weiterlesen <span class=\"meta-nav\">&rarr;<\/span><\/a><\/p>\n","protected":false},"author":278,"featured_media":0,"parent":0,"menu_order":0,"comment_status":"closed","ping_status":"closed","template":"","meta":{"_bbp_topic_count":0,"_bbp_reply_count":0,"_bbp_total_topic_count":0,"_bbp_total_reply_count":0,"_bbp_voice_count":0,"_bbp_anonymous_reply_count":0,"_bbp_topic_count_hidden":0,"_bbp_reply_count_hidden":0,"_bbp_forum_subforum_count":0,"ngg_post_thumbnail":0,"footnotes":""},"class_list":["post-5512","page","type-page","status-publish","hentry"],"aioseo_notices":[],"_links":{"self":[{"href":"https:\/\/www.teeweg.de\/blog\/wp-json\/wp\/v2\/pages\/5512","targetHints":{"allow":["GET"]}}],"collection":[{"href":"https:\/\/www.teeweg.de\/blog\/wp-json\/wp\/v2\/pages"}],"about":[{"href":"https:\/\/www.teeweg.de\/blog\/wp-json\/wp\/v2\/types\/page"}],"author":[{"embeddable":true,"href":"https:\/\/www.teeweg.de\/blog\/wp-json\/wp\/v2\/users\/278"}],"replies":[{"embeddable":true,"href":"https:\/\/www.teeweg.de\/blog\/wp-json\/wp\/v2\/comments?post=5512"}],"version-history":[{"count":3,"href":"https:\/\/www.teeweg.de\/blog\/wp-json\/wp\/v2\/pages\/5512\/revisions"}],"predecessor-version":[{"id":5517,"href":"https:\/\/www.teeweg.de\/blog\/wp-json\/wp\/v2\/pages\/5512\/revisions\/5517"}],"wp:attachment":[{"href":"https:\/\/www.teeweg.de\/blog\/wp-json\/wp\/v2\/media?parent=5512"}],"curies":[{"name":"wp","href":"https:\/\/api.w.org\/{rel}","templated":true}]}}