{"id":5238,"date":"2019-05-25T15:19:42","date_gmt":"2019-05-25T14:19:42","guid":{"rendered":"http:\/\/www.teeweg.de\/blog\/?page_id=5238"},"modified":"2019-05-25T15:20:46","modified_gmt":"2019-05-25T14:20:46","slug":"anmeldung-newsletter-myoshinan-chadojo","status":"publish","type":"page","link":"https:\/\/www.teeweg.de\/blog\/anmeldung-newsletter-myoshinan-chadojo\/","title":{"rendered":"Anmeldung Newsletter &#8211; Myoshinan Chadojo"},"content":{"rendered":"<p><bold>Anmeldung \/ Abmeldung<\/bold><\/p>\n<form method=\"post\" action=\"http:\/\/www.teeweg.de\/swm_mail\/nl.php\">\n<input type=\"hidden\" name=\"MailingListId\" value=\"2\"\/><br \/>\n<input type=\"hidden\" name=\"FormId\" value=\"1\"\/><br \/>\n<input type=\"hidden\" name=\"FormEncoding\" value=\"utf-8\"\/><\/p>\n<table cellspacing=\"0\" cellpadding=\"0\" border=\"0\">\n<tbody>\n<tr>\n<td>\n<label for=\"u_EMail\">E-Mail-Adresse<\/label>&nbsp;&nbsp;*<\/td>\n<td><input type=\"text\" name=\"u_EMail\" size=\"50\" maxlength=\"255\" id=\"u_EMail\"\/><\/td>\n<\/tr>\n<tr>\n<td>Geschlecht<\/td>\n<td><input type=\"radio\" name=\"u_Gender\" value=\"m\" checked=\"checked\" id=\"u_Gender_m\"\/>&nbsp;<label for=\"u_Gender_m\">&nbsp;m\u00e4nnlich&nbsp;&nbsp;&nbsp;<\/label><input type=\"radio\" name=\"u_Gender\" value=\"w\" id=\"u_Gender_f\"\/>&nbsp;<label for=\"u_Gender_f\">&nbsp;weiblich<\/label><\/td>\n<\/tr>\n<tr>\n<td><label for=\"u_Salutation\">Anrede<\/label>&nbsp;<\/td>\n<td><select name=\"u_Salutation\" size=\"1\" id=\"u_Salutation\"><option><br \/>\n&#8212;<\/option><option value=\"Herr\"><br \/>\nHerr<\/option><option value=\"Frau\"><br \/>\nFrau<\/option><option value=\"Firma\"><br \/>\nFirma<\/option><\/select><\/td>\n<\/tr>\n<tr>\n<td><label for=\"u_Profession\">Akademischer Grad<\/label><\/td>\n<td><input type=\"text\" name=\"u_Profession\" size=\"50\" maxlength=\"255\" id=\"u_Profession\"\/><\/td>\n<\/tr>\n<tr>\n<td><label for=\"u_FirstName\">Vorname<\/label><\/td>\n<td><input type=\"text\" name=\"u_FirstName\" size=\"50\" maxlength=\"255\" id=\"u_FirstName\"\/><\/td>\n<\/tr>\n<tr>\n<td><label for=\"u_MiddleName\">2. Vorname<\/label><\/td>\n<td><input type=\"text\" name=\"u_MiddleName\" size=\"50\" maxlength=\"255\" id=\"u_MiddleName\"\/><\/td>\n<\/tr>\n<tr>\n<td><label for=\"u_LastName\">Nachname<\/label>&nbsp;*<\/td>\n<td><input type=\"text\" name=\"u_LastName\" size=\"50\" maxlength=\"255\" id=\"u_LastName\"\/><\/td>\n<\/tr>\n<tr>\n<td><label for=\"u_Birthday\">Geburtsdatum<\/label><\/td>\n<td><input type=\"text\" name=\"u_Birthday\" size=\"10\" maxlength=\"10\" id=\"u_Birthday\"\/><\/td>\n<\/tr>\n<tr>\n<td><label for=\"u_PrivateStreet\">Stra\u00dfe<\/label><\/td>\n<td><input type=\"text\" name=\"u_PrivateStreet\" size=\"50\" maxlength=\"255\" id=\"u_PrivateStreet\"\/><\/td>\n<\/tr>\n<tr>\n<td><label for=\"u_PrivateZIPCode\">PLZ<\/label><\/td>\n<td><input type=\"text\" name=\"u_PrivateZIPCode\" size=\"50\" maxlength=\"255\" id=\"u_PrivateZIPCode\"\/><\/td>\n<\/tr>\n<tr>\n<td><label for=\"u_PrivateCity\">Stadt<\/label><\/td>\n<td><input type=\"text\" name=\"u_PrivateCity\" size=\"50\" maxlength=\"255\" id=\"u_PrivateCity\"\/><\/td>\n<\/tr>\n<tr>\n<td><label for=\"u_PrivateWebsite\">Webseite<\/label><\/td>\n<td><input type=\"text\" name=\"u_PrivateWebsite\" size=\"50\" maxlength=\"255\" id=\"u_PrivateWebsite\"\/><\/td>\n<\/tr>\n<tr>\n<td colspan=\"2\">&nbsp;<\/td>\n<\/tr>\n<tr>\n<td>Gew\u00fcnschte Aktion<\/td>\n<td><input type=\"radio\" name=\"Action\" value=\"subscribe\" checked=\"checked\" id=\"Action1\"\/>&nbsp;<label for=\"Action1\">Anmelden<\/label>&nbsp;&nbsp;<input type=\"radio\" name=\"Action\" value=\"unsubscribe\" id=\"Action2\"\/>&nbsp;<label for=\"Action2\">Abmelden<\/label><\/td>\n<\/tr>\n<tr>\n<td colspan=\"2\">\n<span><\/p>\n<p>Mit Angabe meiner Daten und Absenden der Anmeldung erkl\u00e4re ich mich einverstanden, den hier bestellten Newsletter per E-Mail zu erhalten. Meine Daten werden nicht an Dritte weitergegeben. Dieses Einverst\u00e4ndnis kann ich jederzeit widerrufen. Weitere ausf\u00fchrliche Informationen in der <a href=\"http:\/\/teeweg.de\/impressum\/datenschutz.html\" target=\"_blank\" rel=\"noopener noreferrer\">Datenschutzerkl\u00e4rung<\/a><\/p>\n<p><input type=\"checkbox\" name=\"PrivacyPolicyAccepted\" id=\"PrivacyPolicyAccepted\" value=\"1\"\/><label for=\"PrivacyPolicyAccepted\">&nbsp;Ich akzeptiere die <a href=\"http:\/\/teeweg.de\/impressum\/datenschutz.html\" target=\"_blank\" rel=\"noopener noreferrer\"> Datenschutzerkl\u00e4rung.<\/a>&nbsp;*<\/label><\/p>\n<p><\/span><\/td>\n<\/tr>\n<tr>\n<td colspan=\"2\"><input type=\"submit\" value=\"Absenden\"\/><\/td>\n<\/tr>\n<tr>\n<td colspan=\"2\">&nbsp;<\/td>\n<\/tr>\n<tr>\n<td colspan=\"2\">Angaben mit * sind Pflichtangaben.<\/td>\n<\/tr>\n<\/tbody>\n<\/table>\n<\/form>\n<div class=\"thanks_button_div\" \n                  style=\"float: left; margin-left: 0px;\"><div id=\"thanksButtonDiv_5238_1\" style=\"background-image:url(http:\/\/www.teeweg.de\/blog\/wp-content\/plugins\/thanks-you-counter-button\/images\/thanks_large_blue.png); background-repeat:no-repeat; float: left; display: inline;\"\n                onmouseover=\"javascript:thankYouChangeButtonImage('thanksButtonDiv_5238_1', true);\" \n                onmouseout=\"javascript:thankYouChangeButtonImage('thanksButtonDiv_5238_1', false);\"\n                onclick=\"javascript:thankYouChangeButtonImage('thanksButtonDiv_5238_1', false);\" >\n                <input type=\"button\" onclick=\"thankYouButtonClick(5238, 'You left &ldquo;Thanks&rdquo; already for this post')\" value=\"Danke 0\"\n                  class=\"thanks_button thanks_large thanks_blue\"\n                  style=\"  font-family: Verdana, Arial, Sans-Serif; font-size: 14px; font-weight: normal;; color:#39b778;\"\n                  id=\"thanksButton_5238_1\" title=\"Click to leave &ldquo;Thanks&rdquo; for this post\"\/>\n             <\/div><div id=\"ajax_loader_5238_1\" style=\"display:inline;visibility: hidden;\"><img decoding=\"async\" alt=\"ajax loader\" src=\"http:\/\/www.teeweg.de\/blog\/wp-content\/plugins\/thanks-you-counter-button\/images\/ajax-loader.gif\" \/><\/div><\/div><div id=\"wp_fb_like_button\" style=\"margin:5px 5px 5px 0;float:left;height:100px;\"><script src=\"http:\/\/connect.facebook.net\/en_US\/all.js#xfbml=1\"><\/script><fb:like href=\"https:\/\/www.teeweg.de\/blog\/anmeldung-newsletter-myoshinan-chadojo\/\" send=\"false\" layout=\"standard\" width=\"450\" show_faces=\"false\" font=\"arial\" action=\"like\" colorscheme=\"light\"><\/fb:like><\/div>","protected":false},"excerpt":{"rendered":"<p>Anmeldung \/ Abmeldung E-Mail-Adresse&nbsp;&nbsp;* Geschlecht &nbsp;&nbsp;m\u00e4nnlich&nbsp;&nbsp;&nbsp;&nbsp;&nbsp;weiblich Anrede&nbsp; &#8212; Herr Frau Firma Akademischer Grad Vorname 2. Vorname Nachname&nbsp;* Geburtsdatum Stra\u00dfe PLZ Stadt Webseite &nbsp; Gew\u00fcnschte Aktion &nbsp;Anmelden&nbsp;&nbsp;&nbsp;Abmelden Mit Angabe meiner Daten und Absenden der Anmeldung erkl\u00e4re ich mich einverstanden, den hier &hellip; <a href=\"https:\/\/www.teeweg.de\/blog\/anmeldung-newsletter-myoshinan-chadojo\/\">Weiterlesen <span class=\"meta-nav\">&rarr;<\/span><\/a><\/p>\n","protected":false},"author":278,"featured_media":0,"parent":0,"menu_order":0,"comment_status":"closed","ping_status":"closed","template":"","meta":{"_bbp_topic_count":0,"_bbp_reply_count":0,"_bbp_total_topic_count":0,"_bbp_total_reply_count":0,"_bbp_voice_count":0,"_bbp_anonymous_reply_count":0,"_bbp_topic_count_hidden":0,"_bbp_reply_count_hidden":0,"_bbp_forum_subforum_count":0,"ngg_post_thumbnail":0,"footnotes":""},"class_list":["post-5238","page","type-page","status-publish","hentry"],"aioseo_notices":[],"_links":{"self":[{"href":"https:\/\/www.teeweg.de\/blog\/wp-json\/wp\/v2\/pages\/5238","targetHints":{"allow":["GET"]}}],"collection":[{"href":"https:\/\/www.teeweg.de\/blog\/wp-json\/wp\/v2\/pages"}],"about":[{"href":"https:\/\/www.teeweg.de\/blog\/wp-json\/wp\/v2\/types\/page"}],"author":[{"embeddable":true,"href":"https:\/\/www.teeweg.de\/blog\/wp-json\/wp\/v2\/users\/278"}],"replies":[{"embeddable":true,"href":"https:\/\/www.teeweg.de\/blog\/wp-json\/wp\/v2\/comments?post=5238"}],"version-history":[{"count":21,"href":"https:\/\/www.teeweg.de\/blog\/wp-json\/wp\/v2\/pages\/5238\/revisions"}],"predecessor-version":[{"id":12250,"href":"https:\/\/www.teeweg.de\/blog\/wp-json\/wp\/v2\/pages\/5238\/revisions\/12250"}],"wp:attachment":[{"href":"https:\/\/www.teeweg.de\/blog\/wp-json\/wp\/v2\/media?parent=5238"}],"curies":[{"name":"wp","href":"https:\/\/api.w.org\/{rel}","templated":true}]}}