{"id":3367,"date":"2016-02-14T20:35:37","date_gmt":"2016-02-14T19:35:37","guid":{"rendered":"http:\/\/www.teeweg.de\/blog\/?page_id=3367"},"modified":"2016-02-14T20:35:37","modified_gmt":"2016-02-14T19:35:37","slug":"myoshinan-chadojo","status":"publish","type":"page","link":"https:\/\/www.teeweg.de\/blog\/myoshinan-chadojo\/","title":{"rendered":"Myoshinan Chad\u014dj\u014d"},"content":{"rendered":"<p>Das Myoshin-An Teehaus ist keine kommerzielle Einrichtung. Es ist eine \u00dcbungsst\u00e4tte (D\u014dj\u014d) f\u00fcr Zen-K\u00fcnste.<br \/>\nEs dient der Ein\u00fcbung einer meditativen Lebensweise unabh\u00e4ngig von allen Organisationen und Gruppierungen in Sinne des japanischen Zen.<br \/>\nWir sind keine religi\u00f6se Einrichtung sondern weltanschaulich offen und frei. Jeder, der mit aufrichtigem Herzen kommt, ist willkommen. Egal ob jung oder alt, Mann oder Frau und unabh\u00e4ngig von jeder religi\u00f6sen und weltanschaulichen Richtung.<br \/>\nAber die Toleranz zu den Mitmenschen und ein offenes und freies Herz sind Voraussetzung.<br \/>\nDie Hauptt\u00e4tigkeit richtet sich auf den japanischen Teeweg im Stil der Urasenke, der Zenmeditation und dem Spiel der Zen-Shakuhachi, der einfachen Bambusfl\u00f6te der Zenm\u00f6nche in der Tradition des Ichoken \u2013 Tempels in Hakata..<\/p>\n<p>Der Name \u5999\u5fc3 \u5eb5 \u2013 My\u014dshin-An ist der Zen-Philosophie entnommen. My\u014d \u5999 ist das Geheimnis, das Wesen einer Sache, das aber nicht offen auf der Strasse liegt.<br \/>\nAlles, was wirklich wichtig ist, w\u00e4chst und gedeiht im Verborgenen wie der keimende Samen oder das Kind im Mutterleib.<br \/>\nShin \u5fc3 ist das Herz oder der Geist, der Kern einer Sache. Das eigene Herz, das sich voller Hingabe den wesentlichen \u2013 verborgenen \u2013 Dingen widmet, kann My\u014dshin hei\u00dfen.<br \/>\nAber auch das Wesentliche des Lebens in Frieden ist My\u014dshin \u5999\u5fc3, der Kern des echten, erwachten menschlichen Lebens in Freiheit und Frieden.<\/p>\n<p>An \u5eb5 ist eine einfache H\u00fctte, die Unterschlupf gew\u00e4hrt, um sich dort in Zur\u00fcckgezogenheit den wesentlichen Dingen zu widmen. An \u5eb5 ist die Klause eines Dichters, eines K\u00fcnstlers oder eines M\u00f6nchs. So leben und \u00fcben wir uns hier im Myoshinan in den Zenk\u00fcnsten und widmen uns den \u00dcbungen der Stille.<\/p>\n<p>Aber das Myoshinan ist keine Einsiedlerklause.<br \/>\nHierher kommen Menschen, die mit uns gemeinsam den Weg \u00fcben m\u00f6chten und die eine Begegnung von Herz zu Herz suchen.<br \/>\nAuch wer einfach nur mithelfen will, die Einrichtung zu pflegen und zu erhalten, ist willkommen. Das kann Mithilfe im Zengarten sind, einfache Hausarbeit oder gemeinsame Meditation in Stille. Auch die Arbeit im Garten kann Meditation sein und uns wieder in uns selbst zentrieren.<\/p>\n<p>Derzeit sind wir mit den Vorbereitungen befasst, das Myoshinan in eine gemeinn\u00fctzige Stiftung umzuwandeln. Mithilfe bei den Vorbereitungen ist willkommen.<\/p>\n<div class=\"thanks_button_div\" \n                  style=\"float: left; margin-left: 0px;\"><div id=\"thanksButtonDiv_3367_1\" style=\"background-image:url(http:\/\/www.teeweg.de\/blog\/wp-content\/plugins\/thanks-you-counter-button\/images\/thanks_large_blue.png); background-repeat:no-repeat; float: left; display: inline;\"\n                onmouseover=\"javascript:thankYouChangeButtonImage('thanksButtonDiv_3367_1', true);\" \n                onmouseout=\"javascript:thankYouChangeButtonImage('thanksButtonDiv_3367_1', false);\"\n                onclick=\"javascript:thankYouChangeButtonImage('thanksButtonDiv_3367_1', false);\" >\n                <input type=\"button\" onclick=\"thankYouButtonClick(3367, 'You left &ldquo;Thanks&rdquo; already for this post')\" value=\"Danke 0\"\n                  class=\"thanks_button thanks_large thanks_blue\"\n                  style=\"  font-family: Verdana, Arial, Sans-Serif; font-size: 14px; font-weight: normal;; color:#39b778;\"\n                  id=\"thanksButton_3367_1\" title=\"Click to leave &ldquo;Thanks&rdquo; for this post\"\/>\n             <\/div><div id=\"ajax_loader_3367_1\" style=\"display:inline;visibility: hidden;\"><img decoding=\"async\" alt=\"ajax loader\" src=\"http:\/\/www.teeweg.de\/blog\/wp-content\/plugins\/thanks-you-counter-button\/images\/ajax-loader.gif\" \/><\/div><\/div><div id=\"wp_fb_like_button\" style=\"margin:5px 5px 5px 0;float:left;height:100px;\"><script src=\"http:\/\/connect.facebook.net\/en_US\/all.js#xfbml=1\"><\/script><fb:like href=\"https:\/\/www.teeweg.de\/blog\/myoshinan-chadojo\/\" send=\"false\" layout=\"standard\" width=\"450\" show_faces=\"false\" font=\"arial\" action=\"like\" colorscheme=\"light\"><\/fb:like><\/div>","protected":false},"excerpt":{"rendered":"<p>Das Myoshin-An Teehaus ist keine kommerzielle Einrichtung. Es ist eine \u00dcbungsst\u00e4tte (D\u014dj\u014d) f\u00fcr Zen-K\u00fcnste. Es dient der Ein\u00fcbung einer meditativen Lebensweise unabh\u00e4ngig von allen Organisationen und Gruppierungen in Sinne des japanischen Zen. Wir sind keine religi\u00f6se Einrichtung sondern weltanschaulich offen &hellip; <a href=\"https:\/\/www.teeweg.de\/blog\/myoshinan-chadojo\/\">Weiterlesen <span class=\"meta-nav\">&rarr;<\/span><\/a><\/p>\n","protected":false},"author":278,"featured_media":0,"parent":0,"menu_order":0,"comment_status":"closed","ping_status":"closed","template":"","meta":{"_bbp_topic_count":0,"_bbp_reply_count":0,"_bbp_total_topic_count":0,"_bbp_total_reply_count":0,"_bbp_voice_count":0,"_bbp_anonymous_reply_count":0,"_bbp_topic_count_hidden":0,"_bbp_reply_count_hidden":0,"_bbp_forum_subforum_count":0,"ngg_post_thumbnail":0,"footnotes":""},"class_list":["post-3367","page","type-page","status-publish","hentry"],"aioseo_notices":[],"_links":{"self":[{"href":"https:\/\/www.teeweg.de\/blog\/wp-json\/wp\/v2\/pages\/3367","targetHints":{"allow":["GET"]}}],"collection":[{"href":"https:\/\/www.teeweg.de\/blog\/wp-json\/wp\/v2\/pages"}],"about":[{"href":"https:\/\/www.teeweg.de\/blog\/wp-json\/wp\/v2\/types\/page"}],"author":[{"embeddable":true,"href":"https:\/\/www.teeweg.de\/blog\/wp-json\/wp\/v2\/users\/278"}],"replies":[{"embeddable":true,"href":"https:\/\/www.teeweg.de\/blog\/wp-json\/wp\/v2\/comments?post=3367"}],"version-history":[{"count":3,"href":"https:\/\/www.teeweg.de\/blog\/wp-json\/wp\/v2\/pages\/3367\/revisions"}],"predecessor-version":[{"id":3370,"href":"https:\/\/www.teeweg.de\/blog\/wp-json\/wp\/v2\/pages\/3367\/revisions\/3370"}],"wp:attachment":[{"href":"https:\/\/www.teeweg.de\/blog\/wp-json\/wp\/v2\/media?parent=3367"}],"curies":[{"name":"wp","href":"https:\/\/api.w.org\/{rel}","templated":true}]}}