{"id":2891,"date":"2015-04-08T13:25:40","date_gmt":"2015-04-08T12:25:40","guid":{"rendered":"http:\/\/www.teeweg.de\/blog\/?page_id=2891"},"modified":"2015-04-08T13:29:00","modified_gmt":"2015-04-08T12:29:00","slug":"veranstaltungen-2015","status":"publish","type":"page","link":"https:\/\/www.teeweg.de\/blog\/veranstaltungen-2015\/","title":{"rendered":"Veranstaltungen 2015"},"content":{"rendered":"<p><strong>Termine 2015: \u00dcbersicht<\/strong><\/p>\n<ul>\n<li><strong>Teezeremonie:<\/strong> Termine jederzeit nach Vereinbarung\/li>\n<\/li>\n<li><strong>Meditation im Stil des Zen:<\/strong> regelm\u00e4\u00dfig jeden Donnerstag 19.00 bis ca. 21.00 Uhr. Bitte anmelden!<\/li>\n<li><strong>Philosophie im Museum:<\/strong>Im Seminarraum der NHG N\u00fcrnberg; jeden ersten Sonntag im Monat, Beginn: 11.00 Uhr ( Bei Feiertagen gibt es Alternativtermine, bitte anfragen)<\/li>\n<li><strong>Teeweg Unterricht in M\u00fcnchen:<\/strong>jeden ersten Mittwoch im Monat. F\u00fcr Teilnahme bitte anfragen!<\/li>\n<li><strong>Bau einer japanischen Zen-Shakuhachi<\/strong> und Einf\u00fchrung in das SpielJuni 2015<\/li>\n<li><\/li>\n<\/ul>\n<p><strong>Konzerte<\/strong><\/p>\n<ul>\n<li><strong><em>Wakaba<\/em> &#8211; Frisches Gr\u00fcn: Pfingstkonzert<\/strong>Pfingstsonntag 24.5.2015; Beginn 19.00 Uhr Ort: Myoshinan<\/li>\n<li><strong>Zen: Klang und Stille.<\/strong> Einkehrtag mit Kl\u00e4ngen, Rezitationen, Bewegung, Meditation zum Stillwerden und Abschalten. Samstag 20. Juni; 10-00 bis 17.30 Uhr<\/li>\n<li><strong>Sommerkonzert: Ferragosto<\/strong>Samstag 22.8.2015, Beginn 19.00 Uhr; Ort: Myoshinan<\/li>\n<li><strong>Rhythmus und Rezitation: Mitmach-Konzert \/ Workshop<\/strong>; ca. 5 Stunden: Trommeln, Klanginstrumente und japanische Rezitationen zum Abschalten und Meditieren. Eine ungew\u00f6hnliche Selbsterfahrung! 11. Juli 2015; Ort: Myoshinan<\/li>\n<li><strong>Konzert zum Erntedank<\/strong> 24. Oktober 2015; Myoshinan<\/li>\n<li><strong>Konzert zu Japantagen in Herzogenaurach<\/strong> 30. Oktober 2015; Herzogenaurach<\/li>\n<\/ul>\n<p><strong>Reisen<\/strong><\/p>\n<ul>\n<li><strong>Korea: <\/strong>Zentempel und koreanischer Buddhismus:April \/ Mai 2015<\/li>\n<li><strong>Seminar in Griechenland:<\/strong> Philosophie des Daoismus, Keramik und Meditation; September 2015<\/li>\n<li><strong>Japan zur Kirschbl\u00fcte:<\/strong> Japanreise Fr\u00fchjahr 2016; bitte Voranmelden weil zu dieser besten Reisezeit Unterk\u00fcnfte sehr fr\u00fch gebucht werden m\u00fcssen.<\/li>\n<\/ul>\n<ul><\/ul>\n<div class=\"thanks_button_div\" \n                  style=\"float: left; margin-left: 0px;\"><div id=\"thanksButtonDiv_2891_1\" style=\"background-image:url(http:\/\/www.teeweg.de\/blog\/wp-content\/plugins\/thanks-you-counter-button\/images\/thanks_large_blue.png); background-repeat:no-repeat; float: left; display: inline;\"\n                onmouseover=\"javascript:thankYouChangeButtonImage('thanksButtonDiv_2891_1', true);\" \n                onmouseout=\"javascript:thankYouChangeButtonImage('thanksButtonDiv_2891_1', false);\"\n                onclick=\"javascript:thankYouChangeButtonImage('thanksButtonDiv_2891_1', false);\" >\n                <input type=\"button\" onclick=\"thankYouButtonClick(2891, 'You left &ldquo;Thanks&rdquo; already for this post')\" value=\"Danke 0\"\n                  class=\"thanks_button thanks_large thanks_blue\"\n                  style=\"  font-family: Verdana, Arial, Sans-Serif; font-size: 14px; font-weight: normal;; color:#39b778;\"\n                  id=\"thanksButton_2891_1\" title=\"Click to leave &ldquo;Thanks&rdquo; for this post\"\/>\n             <\/div><div id=\"ajax_loader_2891_1\" style=\"display:inline;visibility: hidden;\"><img decoding=\"async\" alt=\"ajax loader\" src=\"http:\/\/www.teeweg.de\/blog\/wp-content\/plugins\/thanks-you-counter-button\/images\/ajax-loader.gif\" \/><\/div><\/div><div id=\"wp_fb_like_button\" style=\"margin:5px 5px 5px 0;float:left;height:100px;\"><script src=\"http:\/\/connect.facebook.net\/en_US\/all.js#xfbml=1\"><\/script><fb:like href=\"https:\/\/www.teeweg.de\/blog\/veranstaltungen-2015\/\" send=\"false\" layout=\"standard\" width=\"450\" show_faces=\"false\" font=\"arial\" action=\"like\" colorscheme=\"light\"><\/fb:like><\/div>","protected":false},"excerpt":{"rendered":"<p>Termine 2015: \u00dcbersicht Teezeremonie: Termine jederzeit nach Vereinbarung\/li> Meditation im Stil des Zen: regelm\u00e4\u00dfig jeden Donnerstag 19.00 bis ca. 21.00 Uhr. Bitte anmelden! Philosophie im Museum:Im Seminarraum der NHG N\u00fcrnberg; jeden ersten Sonntag im Monat, Beginn: 11.00 Uhr ( Bei &hellip; <a href=\"https:\/\/www.teeweg.de\/blog\/veranstaltungen-2015\/\">Weiterlesen <span class=\"meta-nav\">&rarr;<\/span><\/a><\/p>\n","protected":false},"author":278,"featured_media":0,"parent":0,"menu_order":0,"comment_status":"open","ping_status":"open","template":"","meta":{"_bbp_topic_count":0,"_bbp_reply_count":0,"_bbp_total_topic_count":0,"_bbp_total_reply_count":0,"_bbp_voice_count":0,"_bbp_anonymous_reply_count":0,"_bbp_topic_count_hidden":0,"_bbp_reply_count_hidden":0,"_bbp_forum_subforum_count":0,"ngg_post_thumbnail":0,"footnotes":""},"class_list":["post-2891","page","type-page","status-publish","hentry"],"aioseo_notices":[],"_links":{"self":[{"href":"https:\/\/www.teeweg.de\/blog\/wp-json\/wp\/v2\/pages\/2891","targetHints":{"allow":["GET"]}}],"collection":[{"href":"https:\/\/www.teeweg.de\/blog\/wp-json\/wp\/v2\/pages"}],"about":[{"href":"https:\/\/www.teeweg.de\/blog\/wp-json\/wp\/v2\/types\/page"}],"author":[{"embeddable":true,"href":"https:\/\/www.teeweg.de\/blog\/wp-json\/wp\/v2\/users\/278"}],"replies":[{"embeddable":true,"href":"https:\/\/www.teeweg.de\/blog\/wp-json\/wp\/v2\/comments?post=2891"}],"version-history":[{"count":0,"href":"https:\/\/www.teeweg.de\/blog\/wp-json\/wp\/v2\/pages\/2891\/revisions"}],"wp:attachment":[{"href":"https:\/\/www.teeweg.de\/blog\/wp-json\/wp\/v2\/media?parent=2891"}],"curies":[{"name":"wp","href":"https:\/\/api.w.org\/{rel}","templated":true}]}}