{"id":12633,"date":"2022-06-01T21:55:18","date_gmt":"2022-06-01T19:55:18","guid":{"rendered":"http:\/\/www.teeweg.de\/blog\/?page_id=12633"},"modified":"2022-06-01T22:02:07","modified_gmt":"2022-06-01T20:02:07","slug":"staendige-veranstaltungen","status":"publish","type":"page","link":"https:\/\/www.teeweg.de\/blog\/staendige-veranstaltungen\/","title":{"rendered":"St\u00e4ndige Veranstaltungen"},"content":{"rendered":"\n<p>Ab Juni 2022 bieten wir regelm\u00e4\u00dfige Veranstaltungen an.<br \/>Anmeldung ist zu Empfehlen, denn es stehen nur wenige Pl\u00e4tze zur Verf\u00fcgung.<\/p>\n\n\n\n<p>Die Teilnehme ist in der Regel geb\u00fchrenfrei.<br \/>F\u00fcr unsere Arbeit bitten wir aber um Spenden als <a href=\"http:\/\/teeweg.de\/impressum\/dana.html\" target=\"_blank\" rel=\"noreferrer noopener\">Dana<\/a>, als Gegengabe f\u00fcr unsere Bem\u00fchungen.<br \/><\/p>\n\n\n\n<h2 class=\"wp-block-heading\">Wege in die Stille<\/h2>\n\n\n\n<figure class=\"wp-block-image size-large\"><img loading=\"lazy\" decoding=\"async\" width=\"1024\" height=\"768\" src=\"http:\/\/www.teeweg.de\/blog\/wp-content\/uploads\/tsukubai-1024x768.jpg\" alt=\"\" class=\"wp-image-12634\" srcset=\"https:\/\/www.teeweg.de\/blog\/wp-content\/uploads\/tsukubai-1024x768.jpg 1024w, https:\/\/www.teeweg.de\/blog\/wp-content\/uploads\/tsukubai-300x225.jpg 300w, https:\/\/www.teeweg.de\/blog\/wp-content\/uploads\/tsukubai.jpg 1500w\" sizes=\"auto, (max-width: 1024px) 100vw, 1024px\" \/><\/figure>\n\n\n\n<p><strong>Einkehr in die Stille &#8211; Kraft sch\u00f6pfen &#8211; Zu sich selbst finden.<\/strong><\/p>\n\n\n\n<p><br \/><strong>Japanische Teezeremonie<br \/>Musik der Stille mit der Bambusfl\u00f6te der Zen-M\u00f6nche<br \/>Japanische Teezeremonie<br \/>Shakuhachi<\/strong><br \/><\/p>\n\n\n\n<p>Gerhardt Staufenbiel<br \/>Teezeremonie Meister, Zen Shakuhachi, Buchautor, <br \/>Dozent am Benediktushof Holzkirchen u.a.<br \/>Kontakt: <br \/><strong>Ort.:<\/strong><br \/>Altes Forsthaus in Waldfenster <br \/>97705 Burkhardroth<br \/>J\u00e4gergasse 4<br \/><a href=\"https:\/\/www.google.de\/maps\/place\/Atmen+und+Sein+-+Meditation+und+Selbstheilung\/@50.2625002,9.9560552,17.83z\/data=!4m5!3m4!1s0x47a31f805ecd8271:0x9748547dd612abc5!8m2!3d50.262418!4d9.9571688\" target=\"_blank\" rel=\"noreferrer noopener\">In Google Maps<\/a><br \/><\/p>\n\n\n\n<div class=\"wp-block-columns is-layout-flex wp-container-core-columns-is-layout-9d6595d7 wp-block-columns-is-layout-flex\">\n<div class=\"wp-block-column is-layout-flow wp-block-column-is-layout-flow\" style=\"flex-basis:100%\"><\/div>\n<\/div>\n\n\n\n<ul class=\"wp-block-list\"><li><strong>Meditation in Stille im Stil des Zen<\/strong>. <br \/>Jeden Mittwoch von 18.00 &#8211; 19.00 Uhr<br \/>Spende<\/li><li><strong>Musik der Stille mit der Zen-Bambusfl\u00f6te<\/strong>, Meditationskonzert<br \/>Jeden ersten Samstag im Monat 18.00 &#8211; ca. 19.00 Uhr<br \/>Spende<\/li><li><strong>Japanische Teezeremonie <\/strong><br \/>f\u00fcr Einzelpersonen oder Kleingruppen<br \/>Termine nach Absprache jederzeit m\u00f6glich<\/li><li><strong>Zen-Shakuhachi<\/strong><br \/>Unterricht in der Tradition des Icchoken Zentempels in Hakata, Japan<br \/>Bau einer eigenen Shakuhachi mit Anleitung <br \/>jeweils nach Absprache<\/li><\/ul>\n\n\n\n<figure class=\"wp-block-image size-full\"><img loading=\"lazy\" decoding=\"async\" width=\"1000\" height=\"795\" src=\"http:\/\/www.teeweg.de\/blog\/wp-content\/uploads\/usucha.jpg\" alt=\"\" class=\"wp-image-12636\" srcset=\"https:\/\/www.teeweg.de\/blog\/wp-content\/uploads\/usucha.jpg 1000w, https:\/\/www.teeweg.de\/blog\/wp-content\/uploads\/usucha-300x239.jpg 300w\" sizes=\"auto, (max-width: 1000px) 100vw, 1000px\" \/><\/figure>\n\n\n\n<p><strong>Anmerkungen:<\/strong><br \/>Voraussetzung f\u00fcr die Teilnahme ist lediglich die Bereitschaft, sich auf die Stille einzulassen.<br \/>Liegen keinerlei Erfahrungen mit Meditation vor, kann eine Einf\u00fchrung gegeben werden.<br \/><br \/>Bequeme Kleidung. <br \/>Sitzkissen sind vorhanden<\/p>\n\n\n\n<figure class=\"wp-block-image size-large\"><img loading=\"lazy\" decoding=\"async\" width=\"552\" height=\"1024\" src=\"http:\/\/www.teeweg.de\/blog\/wp-content\/uploads\/shaku-selbst-kl-552x1024.jpg\" alt=\"\" class=\"wp-image-12638\" srcset=\"https:\/\/www.teeweg.de\/blog\/wp-content\/uploads\/shaku-selbst-kl-552x1024.jpg 552w, https:\/\/www.teeweg.de\/blog\/wp-content\/uploads\/shaku-selbst-kl-162x300.jpg 162w, https:\/\/www.teeweg.de\/blog\/wp-content\/uploads\/shaku-selbst-kl-828x1536.jpg 828w, https:\/\/www.teeweg.de\/blog\/wp-content\/uploads\/shaku-selbst-kl-1104x2048.jpg 1104w, https:\/\/www.teeweg.de\/blog\/wp-content\/uploads\/shaku-selbst-kl-scaled.jpg 1380w\" sizes=\"auto, (max-width: 552px) 100vw, 552px\" \/><\/figure>\n\n\n\n<p><br \/><\/p>\n\n\n\n<p><\/p>\n<div class=\"thanks_button_div\" \n                  style=\"float: left; margin-left: 0px;\"><div id=\"thanksButtonDiv_12633_1\" style=\"background-image:url(http:\/\/www.teeweg.de\/blog\/wp-content\/plugins\/thanks-you-counter-button\/images\/thanks_large_blue.png); background-repeat:no-repeat; float: left; display: inline;\"\n                onmouseover=\"javascript:thankYouChangeButtonImage('thanksButtonDiv_12633_1', true);\" \n                onmouseout=\"javascript:thankYouChangeButtonImage('thanksButtonDiv_12633_1', false);\"\n                onclick=\"javascript:thankYouChangeButtonImage('thanksButtonDiv_12633_1', false);\" >\n                <input type=\"button\" onclick=\"thankYouButtonClick(12633, 'You left &ldquo;Thanks&rdquo; already for this post')\" value=\"Danke 0\"\n                  class=\"thanks_button thanks_large thanks_blue\"\n                  style=\"  font-family: Verdana, Arial, Sans-Serif; font-size: 14px; font-weight: normal;; color:#39b778;\"\n                  id=\"thanksButton_12633_1\" title=\"Click to leave &ldquo;Thanks&rdquo; for this post\"\/>\n             <\/div><div id=\"ajax_loader_12633_1\" style=\"display:inline;visibility: hidden;\"><img decoding=\"async\" alt=\"ajax loader\" src=\"http:\/\/www.teeweg.de\/blog\/wp-content\/plugins\/thanks-you-counter-button\/images\/ajax-loader.gif\" \/><\/div><\/div><div id=\"wp_fb_like_button\" style=\"margin:5px 5px 5px 0;float:left;height:100px;\"><script src=\"http:\/\/connect.facebook.net\/en_US\/all.js#xfbml=1\"><\/script><fb:like href=\"https:\/\/www.teeweg.de\/blog\/staendige-veranstaltungen\/\" send=\"false\" layout=\"standard\" width=\"450\" show_faces=\"false\" font=\"arial\" action=\"like\" colorscheme=\"light\"><\/fb:like><\/div>","protected":false},"excerpt":{"rendered":"<p>Ab Juni 2022 bieten wir regelm\u00e4\u00dfige Veranstaltungen an.Anmeldung ist zu Empfehlen, denn es stehen nur wenige Pl\u00e4tze zur Verf\u00fcgung. Die Teilnehme ist in der Regel geb\u00fchrenfrei.F\u00fcr unsere Arbeit bitten wir aber um Spenden als Dana, als Gegengabe f\u00fcr unsere Bem\u00fchungen. &hellip; <a href=\"https:\/\/www.teeweg.de\/blog\/staendige-veranstaltungen\/\">Weiterlesen <span class=\"meta-nav\">&rarr;<\/span><\/a><\/p>\n","protected":false},"author":278,"featured_media":0,"parent":0,"menu_order":0,"comment_status":"closed","ping_status":"closed","template":"","meta":{"_bbp_topic_count":0,"_bbp_reply_count":0,"_bbp_total_topic_count":0,"_bbp_total_reply_count":0,"_bbp_voice_count":0,"_bbp_anonymous_reply_count":0,"_bbp_topic_count_hidden":0,"_bbp_reply_count_hidden":0,"_bbp_forum_subforum_count":0,"ngg_post_thumbnail":0,"footnotes":""},"class_list":["post-12633","page","type-page","status-publish","hentry"],"aioseo_notices":[],"_links":{"self":[{"href":"https:\/\/www.teeweg.de\/blog\/wp-json\/wp\/v2\/pages\/12633","targetHints":{"allow":["GET"]}}],"collection":[{"href":"https:\/\/www.teeweg.de\/blog\/wp-json\/wp\/v2\/pages"}],"about":[{"href":"https:\/\/www.teeweg.de\/blog\/wp-json\/wp\/v2\/types\/page"}],"author":[{"embeddable":true,"href":"https:\/\/www.teeweg.de\/blog\/wp-json\/wp\/v2\/users\/278"}],"replies":[{"embeddable":true,"href":"https:\/\/www.teeweg.de\/blog\/wp-json\/wp\/v2\/comments?post=12633"}],"version-history":[{"count":4,"href":"https:\/\/www.teeweg.de\/blog\/wp-json\/wp\/v2\/pages\/12633\/revisions"}],"predecessor-version":[{"id":12644,"href":"https:\/\/www.teeweg.de\/blog\/wp-json\/wp\/v2\/pages\/12633\/revisions\/12644"}],"wp:attachment":[{"href":"https:\/\/www.teeweg.de\/blog\/wp-json\/wp\/v2\/media?parent=12633"}],"curies":[{"name":"wp","href":"https:\/\/api.w.org\/{rel}","templated":true}]}}