{"id":12133,"date":"2021-02-16T12:54:00","date_gmt":"2021-02-16T11:54:00","guid":{"rendered":"http:\/\/www.teeweg.de\/blog\/?page_id=12133"},"modified":"2021-02-16T13:45:46","modified_gmt":"2021-02-16T12:45:46","slug":"danke","status":"publish","type":"page","link":"https:\/\/www.teeweg.de\/blog\/danke\/","title":{"rendered":"Danke"},"content":{"rendered":"\n<div class=\"wp-block-image\"><figure class=\"aligncenter size-large is-resized\"><img loading=\"lazy\" decoding=\"async\" src=\"http:\/\/www.teeweg.de\/blog\/wp-content\/uploads\/joruriji-768x1024.jpg\" alt=\"\" class=\"wp-image-12134\" width=\"395\" height=\"527\" srcset=\"https:\/\/www.teeweg.de\/blog\/wp-content\/uploads\/joruriji-768x1024.jpg 768w, https:\/\/www.teeweg.de\/blog\/wp-content\/uploads\/joruriji-225x300.jpg 225w, https:\/\/www.teeweg.de\/blog\/wp-content\/uploads\/joruriji-1152x1536.jpg 1152w, https:\/\/www.teeweg.de\/blog\/wp-content\/uploads\/joruriji-1536x2048.jpg 1536w, https:\/\/www.teeweg.de\/blog\/wp-content\/uploads\/joruriji-300x400.jpg 300w, https:\/\/www.teeweg.de\/blog\/wp-content\/uploads\/joruriji-scaled.jpg 1920w\" sizes=\"auto, (max-width: 395px) 100vw, 395px\" \/><figcaption>Begleiter des Fudo Myoo des Unbewegten Weisheitsk\u00f6nig<br \/>aus dem Joruriji Tempel Kyoto<\/figcaption><\/figure><\/div>\n\n\n\n<p class=\"has-text-align-center\">Wir sagen einen recht herzlichen Dank f\u00fcr das MyoshinAn Chadojo in Waldfenster.<br \/>Wir werden uns stets bem\u00fchen, weiter f\u00fcr die Idee eines meditativen Lebens zu arbeiten.<\/p>\n<div class=\"thanks_button_div\" \n                  style=\"float: left; margin-left: 0px;\"><div id=\"thanksButtonDiv_12133_1\" style=\"background-image:url(http:\/\/www.teeweg.de\/blog\/wp-content\/plugins\/thanks-you-counter-button\/images\/thanks_large_blue.png); background-repeat:no-repeat; float: left; display: inline;\"\n                onmouseover=\"javascript:thankYouChangeButtonImage('thanksButtonDiv_12133_1', true);\" \n                onmouseout=\"javascript:thankYouChangeButtonImage('thanksButtonDiv_12133_1', false);\"\n                onclick=\"javascript:thankYouChangeButtonImage('thanksButtonDiv_12133_1', false);\" >\n                <input type=\"button\" onclick=\"thankYouButtonClick(12133, 'You left &ldquo;Thanks&rdquo; already for this post')\" value=\"Danke 0\"\n                  class=\"thanks_button thanks_large thanks_blue\"\n                  style=\"  font-family: Verdana, Arial, Sans-Serif; font-size: 14px; font-weight: normal;; color:#39b778;\"\n                  id=\"thanksButton_12133_1\" title=\"Click to leave &ldquo;Thanks&rdquo; for this post\"\/>\n             <\/div><div id=\"ajax_loader_12133_1\" style=\"display:inline;visibility: hidden;\"><img decoding=\"async\" alt=\"ajax loader\" src=\"http:\/\/www.teeweg.de\/blog\/wp-content\/plugins\/thanks-you-counter-button\/images\/ajax-loader.gif\" \/><\/div><\/div><div id=\"wp_fb_like_button\" style=\"margin:5px 5px 5px 0;float:left;height:100px;\"><script src=\"http:\/\/connect.facebook.net\/en_US\/all.js#xfbml=1\"><\/script><fb:like href=\"https:\/\/www.teeweg.de\/blog\/danke\/\" send=\"false\" layout=\"standard\" width=\"450\" show_faces=\"false\" font=\"arial\" action=\"like\" colorscheme=\"light\"><\/fb:like><\/div>","protected":false},"excerpt":{"rendered":"<p>Wir sagen einen recht herzlichen Dank f\u00fcr das MyoshinAn Chadojo in Waldfenster.Wir werden uns stets bem\u00fchen, weiter f\u00fcr die Idee eines meditativen Lebens zu arbeiten.<\/p>\n","protected":false},"author":278,"featured_media":0,"parent":0,"menu_order":0,"comment_status":"closed","ping_status":"closed","template":"","meta":{"_bbp_topic_count":0,"_bbp_reply_count":0,"_bbp_total_topic_count":0,"_bbp_total_reply_count":0,"_bbp_voice_count":0,"_bbp_anonymous_reply_count":0,"_bbp_topic_count_hidden":0,"_bbp_reply_count_hidden":0,"_bbp_forum_subforum_count":0,"ngg_post_thumbnail":0,"footnotes":""},"class_list":["post-12133","page","type-page","status-publish","hentry"],"aioseo_notices":[],"_links":{"self":[{"href":"https:\/\/www.teeweg.de\/blog\/wp-json\/wp\/v2\/pages\/12133","targetHints":{"allow":["GET"]}}],"collection":[{"href":"https:\/\/www.teeweg.de\/blog\/wp-json\/wp\/v2\/pages"}],"about":[{"href":"https:\/\/www.teeweg.de\/blog\/wp-json\/wp\/v2\/types\/page"}],"author":[{"embeddable":true,"href":"https:\/\/www.teeweg.de\/blog\/wp-json\/wp\/v2\/users\/278"}],"replies":[{"embeddable":true,"href":"https:\/\/www.teeweg.de\/blog\/wp-json\/wp\/v2\/comments?post=12133"}],"version-history":[{"count":3,"href":"https:\/\/www.teeweg.de\/blog\/wp-json\/wp\/v2\/pages\/12133\/revisions"}],"predecessor-version":[{"id":12137,"href":"https:\/\/www.teeweg.de\/blog\/wp-json\/wp\/v2\/pages\/12133\/revisions\/12137"}],"wp:attachment":[{"href":"https:\/\/www.teeweg.de\/blog\/wp-json\/wp\/v2\/media?parent=12133"}],"curies":[{"name":"wp","href":"https:\/\/api.w.org\/{rel}","templated":true}]}}