{"id":3391,"date":"2016-02-15T12:59:29","date_gmt":"2016-02-15T11:59:29","guid":{"rendered":"http:\/\/www.teeweg.de\/blog\/?page_id=3391"},"modified":"2024-08-20T11:25:30","modified_gmt":"2024-08-20T09:25:30","slug":"kalender","status":"publish","type":"page","link":"http:\/\/www.teeweg.de\/blog\/veranstaltungen\/kalender\/","title":{"rendered":"Kalender"},"content":{"rendered":"<p>Vorf\u00fchrungen im Teeweg sind jederzeit nach Absprache m\u00f6glich.<br \/>\nEbenso findet der Unterricht im Teeweg oder der Zen-Shakuhachi auch f\u00fcr Anf\u00e4nger jederzeit nach Absprache statt. Unterricht in der Shakuhachi ist auch online m\u00f6glich.<\/p>\n<p><iframe loading=\"lazy\" style=\"border-width: 0;\" src=\"https:\/\/www.google.com\/calendar\/embed?height=600&amp;wkst=1&amp;bgcolor=%23FFFFFF&amp;src=o38n67kg8b94mtnr7stsb9tmqo%40group.calendar.google.com&amp;color=%23691426&amp;ctz=Europe%2FBerlin\" width=\"700\" height=\"600\" frameborder=\"0\" scrolling=\"no\"><\/iframe><\/p>\n<div class=\"thanks_button_div\" \n                  style=\"float: left; margin-left: 0px;\"><div id=\"thanksButtonDiv_3391_1\" style=\"background-image:url(http:\/\/www.teeweg.de\/blog\/wp-content\/plugins\/thanks-you-counter-button\/images\/thanks_large_blue.png); background-repeat:no-repeat; float: left; display: inline;\"\n                onmouseover=\"javascript:thankYouChangeButtonImage('thanksButtonDiv_3391_1', true);\" \n                onmouseout=\"javascript:thankYouChangeButtonImage('thanksButtonDiv_3391_1', false);\"\n                onclick=\"javascript:thankYouChangeButtonImage('thanksButtonDiv_3391_1', false);\" >\n                <input type=\"button\" onclick=\"thankYouButtonClick(3391, 'You left &ldquo;Thanks&rdquo; already for this post')\" value=\"Danke 0\"\n                  class=\"thanks_button thanks_large thanks_blue\"\n                  style=\"  font-family: Verdana, Arial, Sans-Serif; font-size: 14px; font-weight: normal;; color:#39b778;\"\n                  id=\"thanksButton_3391_1\" title=\"Click to leave &ldquo;Thanks&rdquo; for this post\"\/>\n             <\/div><div id=\"ajax_loader_3391_1\" style=\"display:inline;visibility: hidden;\"><img decoding=\"async\" alt=\"ajax loader\" src=\"http:\/\/www.teeweg.de\/blog\/wp-content\/plugins\/thanks-you-counter-button\/images\/ajax-loader.gif\" \/><\/div><\/div><div id=\"wp_fb_like_button\" style=\"margin:5px 5px 5px 0;float:left;height:100px;\"><script src=\"http:\/\/connect.facebook.net\/en_US\/all.js#xfbml=1\"><\/script><fb:like href=\"http:\/\/www.teeweg.de\/blog\/veranstaltungen\/kalender\/\" send=\"false\" layout=\"standard\" width=\"450\" show_faces=\"false\" font=\"arial\" action=\"like\" colorscheme=\"light\"><\/fb:like><\/div>","protected":false},"excerpt":{"rendered":"<p>Vorf\u00fchrungen im Teeweg sind jederzeit nach Absprache m\u00f6glich. Ebenso findet der Unterricht im Teeweg oder der Zen-Shakuhachi auch f\u00fcr Anf\u00e4nger jederzeit nach Absprache statt. Unterricht in der Shakuhachi ist auch online m\u00f6glich.<\/p>\n","protected":false},"author":278,"featured_media":0,"parent":3356,"menu_order":0,"comment_status":"closed","ping_status":"closed","template":"","meta":{"_bbp_topic_count":0,"_bbp_reply_count":0,"_bbp_total_topic_count":0,"_bbp_total_reply_count":0,"_bbp_voice_count":0,"_bbp_anonymous_reply_count":0,"_bbp_topic_count_hidden":0,"_bbp_reply_count_hidden":0,"_bbp_forum_subforum_count":0,"ngg_post_thumbnail":0,"footnotes":""},"class_list":["post-3391","page","type-page","status-publish","hentry"],"aioseo_notices":[],"_links":{"self":[{"href":"http:\/\/www.teeweg.de\/blog\/wp-json\/wp\/v2\/pages\/3391","targetHints":{"allow":["GET"]}}],"collection":[{"href":"http:\/\/www.teeweg.de\/blog\/wp-json\/wp\/v2\/pages"}],"about":[{"href":"http:\/\/www.teeweg.de\/blog\/wp-json\/wp\/v2\/types\/page"}],"author":[{"embeddable":true,"href":"http:\/\/www.teeweg.de\/blog\/wp-json\/wp\/v2\/users\/278"}],"replies":[{"embeddable":true,"href":"http:\/\/www.teeweg.de\/blog\/wp-json\/wp\/v2\/comments?post=3391"}],"version-history":[{"count":16,"href":"http:\/\/www.teeweg.de\/blog\/wp-json\/wp\/v2\/pages\/3391\/revisions"}],"predecessor-version":[{"id":12821,"href":"http:\/\/www.teeweg.de\/blog\/wp-json\/wp\/v2\/pages\/3391\/revisions\/12821"}],"up":[{"embeddable":true,"href":"http:\/\/www.teeweg.de\/blog\/wp-json\/wp\/v2\/pages\/3356"}],"wp:attachment":[{"href":"http:\/\/www.teeweg.de\/blog\/wp-json\/wp\/v2\/media?parent=3391"}],"curies":[{"name":"wp","href":"https:\/\/api.w.org\/{rel}","templated":true}]}}