{"id":3356,"date":"2021-10-01T19:05:00","date_gmt":"2021-10-01T17:05:00","guid":{"rendered":"http:\/\/www.teeweg.de\/blog\/?page_id=3356"},"modified":"2021-11-23T12:12:06","modified_gmt":"2021-11-23T11:12:06","slug":"veranstaltungen","status":"publish","type":"page","link":"http:\/\/www.teeweg.de\/blog\/veranstaltungen\/","title":{"rendered":"Veranstaltungen"},"content":{"rendered":"\n<h1 class=\"wp-block-heading\" id=\"teeweg-zen-shakuhachi\">Teeweg \/ Zen \/ Shakuhachi<\/h1>\n\n\n\n<h2 class=\"wp-block-heading\" id=\"teeweg\">Teeweg<\/h2>\n\n\n\n<p>Das Myoshinan ist eine unabh\u00e4ngige Schule f\u00fcr Tee und Zen. Wir unterrichten und leben den Teeweg aus dem Geist des Zen.<br \/>Dabei ist die Harmonie von K\u00f6rper und Geist, Atmung und Bewegung ganz wesentlich.<br \/>Wir unterrichten in Anlehnung an den Stil der Urasenke (Lehrdiplom der Urasenke), versuchen aber aus dem Geist des Zen eigene Wege zu gehen. Entscheidend ist nicht die Beherrschung fester Formen sondern ein tiefes inneres Erleben der Stille und der Harmonie in den Bewegungen.<br \/>Der Unterricht im Teeweg ist immer Einzelunterricht bzw. in kleinen Gruppen.<br \/>Es k\u00f6nnen sowohl stundenweise Termine vereinbart werden als auch intensivere Unterrichtsblocks, z.B. Wochenende oder Ferien.<br \/>Termine nach individueller Absprache jederzeit m\u00f6glich.<\/p>\n\n\n\n<h2 class=\"wp-block-heading\" id=\"zen-shakuhachi\">Zen Shakuhachi<\/h2>\n\n\n\n<p>Wir pflegen den alten und urspr\u00fcnglichen Zen-Stil des Ichoken Tempels in Hakata. Dies ist der einzige Zentempel in Japan, in dem noch der \u201eBambus-Zen\u201c gepflegt wird. Wir bauen unsere Zen Shakuhachi aus chinesischen Qualit\u00e4ts-Bambus selbst und k\u00f6nnen gern auch ein Leihinstrument vergeben. Diese Instrumente unterscheiden sich von den modernen Shakuhachi. Auf Wunsch bauen wir die f\u00fcr Sie passende Shakuhachi.<br \/>Der Unterricht ist immer Einzelunterricht bzw. in kleinen Gruppen.<\/p>\n\n\n\n<p>Es k\u00f6nnen sowohl stundenweise Termine vereinbart werden als auch intensivere Unterrichtsblocks, z.B. Wochenende oder Ferien.<br \/>Termine nach individueller Absprache jederzeit m\u00f6glich.<br \/>Unterricht ist auch online \u00fcber Skype, Google Hangouts oder Apple Facetime m\u00f6glich.<\/p>\n\n\n\n<p><br \/><strong>Veranstaltungen in Zeiten von Corona<\/strong><br \/>Der neue Teeraum ist fertiggestellt. Auch im Garten gibt es jetzt eine Veranda zum Versammeln und diskutieren. Aber in Zeiten von Corona k\u00f6nnen nur einzelne Personen oder kleine Gruppen kommen. Anfragen jederzeit. <br \/>Voraussetzung ist ein negativer Corona Schnelltest.<\/p>\n\n\n\n<p><br \/><strong>Der Unterricht sowohl im Teeweg als auch in Shakuhachi l\u00e4uft regelm\u00e4\u00dfig \u00fcber Internet weiter.<\/strong><br \/>Unterricht ist sowohl als Einzelunterricht als auch in kleinen Gruppe<\/p>\n\n\n<div class=\"thanks_button_div\" \n                  style=\"float: left; margin-left: 0px;\"><div id=\"thanksButtonDiv_3356_1\" style=\"background-image:url(http:\/\/www.teeweg.de\/blog\/wp-content\/plugins\/thanks-you-counter-button\/images\/thanks_large_blue.png); background-repeat:no-repeat; float: left; display: inline;\"\n                onmouseover=\"javascript:thankYouChangeButtonImage('thanksButtonDiv_3356_1', true);\" \n                onmouseout=\"javascript:thankYouChangeButtonImage('thanksButtonDiv_3356_1', false);\"\n                onclick=\"javascript:thankYouChangeButtonImage('thanksButtonDiv_3356_1', false);\" >\n                <input type=\"button\" onclick=\"thankYouButtonClick(3356, 'You left &ldquo;Thanks&rdquo; already for this post')\" value=\"Danke 0\"\n                  class=\"thanks_button thanks_large thanks_blue\"\n                  style=\"  font-family: Verdana, Arial, Sans-Serif; font-size: 14px; font-weight: normal;; color:#39b778;\"\n                  id=\"thanksButton_3356_1\" title=\"Click to leave &ldquo;Thanks&rdquo; for this post\"\/>\n             <\/div><div id=\"ajax_loader_3356_1\" style=\"display:inline;visibility: hidden;\"><img decoding=\"async\" alt=\"ajax loader\" src=\"http:\/\/www.teeweg.de\/blog\/wp-content\/plugins\/thanks-you-counter-button\/images\/ajax-loader.gif\" \/><\/div><\/div><div id=\"wp_fb_like_button\" style=\"margin:5px 5px 5px 0;float:left;height:100px;\"><script src=\"http:\/\/connect.facebook.net\/en_US\/all.js#xfbml=1\"><\/script><fb:like href=\"http:\/\/www.teeweg.de\/blog\/veranstaltungen\/\" send=\"false\" layout=\"standard\" width=\"450\" show_faces=\"false\" font=\"arial\" action=\"like\" colorscheme=\"light\"><\/fb:like><\/div>","protected":false},"excerpt":{"rendered":"<p>Teeweg \/ Zen \/ Shakuhachi Teeweg Das Myoshinan ist eine unabh\u00e4ngige Schule f\u00fcr Tee und Zen. Wir unterrichten und leben den Teeweg aus dem Geist des Zen.Dabei ist die Harmonie von K\u00f6rper und Geist, Atmung und Bewegung ganz wesentlich.Wir unterrichten &hellip; <a href=\"http:\/\/www.teeweg.de\/blog\/veranstaltungen\/\">Weiterlesen <span class=\"meta-nav\">&rarr;<\/span><\/a><\/p>\n","protected":false},"author":278,"featured_media":0,"parent":0,"menu_order":0,"comment_status":"closed","ping_status":"closed","template":"","meta":{"_bbp_topic_count":0,"_bbp_reply_count":0,"_bbp_total_topic_count":0,"_bbp_total_reply_count":0,"_bbp_voice_count":0,"_bbp_anonymous_reply_count":0,"_bbp_topic_count_hidden":0,"_bbp_reply_count_hidden":0,"_bbp_forum_subforum_count":0,"ngg_post_thumbnail":0,"footnotes":""},"class_list":["post-3356","page","type-page","status-publish","hentry"],"aioseo_notices":[],"_links":{"self":[{"href":"http:\/\/www.teeweg.de\/blog\/wp-json\/wp\/v2\/pages\/3356","targetHints":{"allow":["GET"]}}],"collection":[{"href":"http:\/\/www.teeweg.de\/blog\/wp-json\/wp\/v2\/pages"}],"about":[{"href":"http:\/\/www.teeweg.de\/blog\/wp-json\/wp\/v2\/types\/page"}],"author":[{"embeddable":true,"href":"http:\/\/www.teeweg.de\/blog\/wp-json\/wp\/v2\/users\/278"}],"replies":[{"embeddable":true,"href":"http:\/\/www.teeweg.de\/blog\/wp-json\/wp\/v2\/comments?post=3356"}],"version-history":[{"count":4,"href":"http:\/\/www.teeweg.de\/blog\/wp-json\/wp\/v2\/pages\/3356\/revisions"}],"predecessor-version":[{"id":12482,"href":"http:\/\/www.teeweg.de\/blog\/wp-json\/wp\/v2\/pages\/3356\/revisions\/12482"}],"wp:attachment":[{"href":"http:\/\/www.teeweg.de\/blog\/wp-json\/wp\/v2\/media?parent=3356"}],"curies":[{"name":"wp","href":"https:\/\/api.w.org\/{rel}","templated":true}]}}